{"id":7698,"date":"2023-08-10T08:02:51","date_gmt":"2023-08-10T08:02:51","guid":{"rendered":"https:\/\/stage.sqfin.com\/squaredacademy\/education\/market-watch\/"},"modified":"2024-07-18T14:07:08","modified_gmt":"2024-07-18T14:07:08","slug":"market-watch","status":"publish","type":"page","link":"https:\/\/www.portal-sq.io\/pt\/squaredacademy\/education\/market-watch\/","title":{"rendered":"T\u00edtulos de observa\u00e7\u00e3o do mercado"},"content":{"rendered":"<p><script \npage=\"market_watch\"\nbearer=\"$2y$10$y00YvU7Xa6axvZEmtD6B4pfx9Gn008YwpudzBVLRtb3beUsBR914G\"\nxDomain=\"093mvp2jfnwov8\"\nxLevel=\"open\"\nxLang=\"pt\"\nsrc=\"https:\/\/scripts-integration.terl3.com\/single-page.js\"\n><\/script><\/p>\n","protected":false},"excerpt":{"rendered":"","protected":false},"author":1,"featured_media":0,"parent":7623,"menu_order":0,"comment_status":"closed","ping_status":"closed","template":"page-templates\/titleless.php","meta":{"inline_featured_image":false},"acf":[],"aioseo_notices":[],"_links":{"self":[{"href":"https:\/\/www.portal-sq.io\/pt\/wp-json\/wp\/v2\/pages\/7698"}],"collection":[{"href":"https:\/\/www.portal-sq.io\/pt\/wp-json\/wp\/v2\/pages"}],"about":[{"href":"https:\/\/www.portal-sq.io\/pt\/wp-json\/wp\/v2\/types\/page"}],"author":[{"embeddable":true,"href":"https:\/\/www.portal-sq.io\/pt\/wp-json\/wp\/v2\/users\/1"}],"replies":[{"embeddable":true,"href":"https:\/\/www.portal-sq.io\/pt\/wp-json\/wp\/v2\/comments?post=7698"}],"version-history":[{"count":3,"href":"https:\/\/www.portal-sq.io\/pt\/wp-json\/wp\/v2\/pages\/7698\/revisions"}],"predecessor-version":[{"id":21247,"href":"https:\/\/www.portal-sq.io\/pt\/wp-json\/wp\/v2\/pages\/7698\/revisions\/21247"}],"up":[{"embeddable":true,"href":"https:\/\/www.portal-sq.io\/pt\/wp-json\/wp\/v2\/pages\/7623"}],"wp:attachment":[{"href":"https:\/\/www.portal-sq.io\/pt\/wp-json\/wp\/v2\/media?parent=7698"}],"curies":[{"name":"wp","href":"https:\/\/api.w.org\/{rel}","templated":true}]}}